{"id":10261,"date":"2019-09-16T09:46:31","date_gmt":"2019-09-16T01:46:31","guid":{"rendered":"https:\/\/qqeng.org\/?page_id=10261"},"modified":"2025-07-21T12:12:35","modified_gmt":"2025-07-21T04:12:35","slug":"privacy-policy","status":"publish","type":"page","link":"https:\/\/qqeng.net\/vi\/privacy-policy\/","title":{"rendered":"Privacy Policy"},"content":{"rendered":"\t\t<div data-elementor-type=\"wp-page\" data-elementor-id=\"10261\" class=\"elementor elementor-10261 elementor-3\" data-elementor-post-type=\"page\">\n\t\t\t\t<div class=\"elementor-element elementor-element-e2af16f e-flex e-con-boxed e-con e-parent\" data-id=\"e2af16f\" data-element_type=\"container\" data-e-type=\"container\" data-settings=\"{&quot;jet_parallax_layout_list&quot;:[{&quot;jet_parallax_layout_image&quot;:{&quot;url&quot;:&quot;&quot;,&quot;id&quot;:&quot;&quot;,&quot;size&quot;:&quot;&quot;},&quot;_id&quot;:&quot;c9f9f11&quot;,&quot;jet_parallax_layout_image_tablet&quot;:{&quot;url&quot;:&quot;&quot;,&quot;id&quot;:&quot;&quot;,&quot;size&quot;:&quot;&quot;},&quot;jet_parallax_layout_image_mobile&quot;:{&quot;url&quot;:&quot;&quot;,&quot;id&quot;:&quot;&quot;,&quot;size&quot;:&quot;&quot;},&quot;jet_parallax_layout_speed&quot;:{&quot;unit&quot;:&quot;%&quot;,&quot;size&quot;:50,&quot;sizes&quot;:[]},&quot;jet_parallax_layout_type&quot;:&quot;scroll&quot;,&quot;jet_parallax_layout_direction&quot;:&quot;1&quot;,&quot;jet_parallax_layout_fx_direction&quot;:null,&quot;jet_parallax_layout_z_index&quot;:&quot;&quot;,&quot;jet_parallax_layout_bg_x&quot;:50,&quot;jet_parallax_layout_bg_x_tablet&quot;:&quot;&quot;,&quot;jet_parallax_layout_bg_x_mobile&quot;:&quot;&quot;,&quot;jet_parallax_layout_bg_y&quot;:50,&quot;jet_parallax_layout_bg_y_tablet&quot;:&quot;&quot;,&quot;jet_parallax_layout_bg_y_mobile&quot;:&quot;&quot;,&quot;jet_parallax_layout_bg_size&quot;:&quot;auto&quot;,&quot;jet_parallax_layout_bg_size_tablet&quot;:&quot;&quot;,&quot;jet_parallax_layout_bg_size_mobile&quot;:&quot;&quot;,&quot;jet_parallax_layout_animation_prop&quot;:&quot;transform&quot;,&quot;jet_parallax_layout_on&quot;:[&quot;desktop&quot;,&quot;tablet&quot;]}],&quot;background_background&quot;:&quot;classic&quot;}\">\n\t\t\t\t\t<div class=\"e-con-inner\">\n\t\t\t\t<div class=\"elementor-element elementor-element-93b5181 elementor-widget elementor-widget-breadcrumbs\" data-id=\"93b5181\" data-element_type=\"widget\" data-e-type=\"widget\" data-widget_type=\"breadcrumbs.default\">\n\t\t\t\t<div class=\"elementor-widget-container\">\n\t\t\t\t\t<nav aria-label=\"breadcrumbs\" class=\"rank-math-breadcrumb\"><p><span class=\"last\">QQEnglish<\/span><\/p><\/nav>\t\t\t\t<\/div>\n\t\t\t\t<\/div>\n\t\t\t\t<div class=\"elementor-element elementor-element-77a3c00 elementor-widget elementor-widget-heading\" data-id=\"77a3c00\" data-element_type=\"widget\" data-e-type=\"widget\" data-widget_type=\"heading.default\">\n\t\t\t\t<div class=\"elementor-widget-container\">\n\t\t\t\t\t<h1 class=\"elementor-heading-title elementor-size-default\">Quy \u0111\u1ecbnh v\u1ec1 b\u1ea3o m\u1eadt<\/h1>\t\t\t\t<\/div>\n\t\t\t\t<\/div>\n\t\t\t\t\t<\/div>\n\t\t\t\t<\/div>\n\t\t<div class=\"elementor-element elementor-element-7d6a42f e-flex e-con-boxed e-con e-parent\" data-id=\"7d6a42f\" data-element_type=\"container\" data-e-type=\"container\" data-settings=\"{&quot;jet_parallax_layout_list&quot;:[{&quot;jet_parallax_layout_image&quot;:{&quot;url&quot;:&quot;&quot;,&quot;id&quot;:&quot;&quot;,&quot;size&quot;:&quot;&quot;},&quot;_id&quot;:&quot;ccbed6c&quot;,&quot;jet_parallax_layout_image_tablet&quot;:{&quot;url&quot;:&quot;&quot;,&quot;id&quot;:&quot;&quot;,&quot;size&quot;:&quot;&quot;},&quot;jet_parallax_layout_image_mobile&quot;:{&quot;url&quot;:&quot;&quot;,&quot;id&quot;:&quot;&quot;,&quot;size&quot;:&quot;&quot;},&quot;jet_parallax_layout_speed&quot;:{&quot;unit&quot;:&quot;%&quot;,&quot;size&quot;:50,&quot;sizes&quot;:[]},&quot;jet_parallax_layout_type&quot;:&quot;scroll&quot;,&quot;jet_parallax_layout_direction&quot;:&quot;1&quot;,&quot;jet_parallax_layout_fx_direction&quot;:null,&quot;jet_parallax_layout_z_index&quot;:&quot;&quot;,&quot;jet_parallax_layout_bg_x&quot;:50,&quot;jet_parallax_layout_bg_x_tablet&quot;:&quot;&quot;,&quot;jet_parallax_layout_bg_x_mobile&quot;:&quot;&quot;,&quot;jet_parallax_layout_bg_y&quot;:50,&quot;jet_parallax_layout_bg_y_tablet&quot;:&quot;&quot;,&quot;jet_parallax_layout_bg_y_mobile&quot;:&quot;&quot;,&quot;jet_parallax_layout_bg_size&quot;:&quot;auto&quot;,&quot;jet_parallax_layout_bg_size_tablet&quot;:&quot;&quot;,&quot;jet_parallax_layout_bg_size_mobile&quot;:&quot;&quot;,&quot;jet_parallax_layout_animation_prop&quot;:&quot;transform&quot;,&quot;jet_parallax_layout_on&quot;:[&quot;desktop&quot;,&quot;tablet&quot;]}]}\">\n\t\t\t\t\t<div class=\"e-con-inner\">\n\t\t<div class=\"elementor-element elementor-element-5081d20 e-con-full e-flex e-con e-child\" data-id=\"5081d20\" data-element_type=\"container\" data-e-type=\"container\" data-settings=\"{&quot;jet_parallax_layout_list&quot;:[]}\">\n\t\t\t\t<div class=\"elementor-element elementor-element-717a6eb elementor-widget elementor-widget-heading\" data-id=\"717a6eb\" data-element_type=\"widget\" data-e-type=\"widget\" data-widget_type=\"heading.default\">\n\t\t\t\t<div class=\"elementor-widget-container\">\n\t\t\t\t\t<h2 class=\"elementor-heading-title elementor-size-default\">Th\u00f4ng tin ch\u00fang t\u00f4i thu th\u1eadp<\/h2>\t\t\t\t<\/div>\n\t\t\t\t<\/div>\n\t\t\t\t<div class=\"elementor-element elementor-element-de12a7f elementor-widget elementor-widget-text-editor\" data-id=\"de12a7f\" data-element_type=\"widget\" data-e-type=\"widget\" data-widget_type=\"text-editor.default\">\n\t\t\t\t<div class=\"elementor-widget-container\">\n\t\t\t\t\t\t\t\t\t<p>QQEnglish kh\u00f4ng bao gi\u1edd thu th\u1eadp th\u00f4ng tin c\u00e1 nh\u00e2n c\u1ee7a b\u1ea1n m\u1ed9t c\u00e1ch kh\u00f4ng c\u00f4ng b\u1eb1ng ho\u1eb7c kh\u00f4ng c\u00f3 s\u1ef1 \u0111\u1ed3ng \u00fd.<\/p><p>Ch\u00fang t\u00f4i ch\u1ec9 s\u1eed d\u1ee5ng Th\u00f4ng tin c\u00e1 nh\u00e2n c\u1ee7a b\u1ea1n \u0111\u1ec3 cung c\u1ea5p d\u1ecbch v\u1ee5 v\u00e0 th\u00f4ng tin cho b\u1ea1n c\u0169ng nh\u01b0 \u0111\u1ec3 li\u00ean h\u1ec7 v\u1edbi b\u1ea1n. Th\u00f4ng tin c\u00e1 nh\u00e2n ch\u00fang t\u00f4i thu th\u1eadp s\u1ebd \u0111\u01b0\u1ee3c ch\u00fang t\u00f4i qu\u1ea3n l\u00fd c\u1ea9n th\u1eadn v\u00e0 ch\u00fang t\u00f4i th\u1ef1c hi\u1ec7n c\u00e1c bi\u1ec7n ph\u00e1p th\u00edch h\u1ee3p \u0111\u1ec3 ng\u0103n ch\u1eb7n truy c\u1eadp tr\u00e1i ph\u00e9p, m\u1ea5t m\u00e1t, ph\u00e1 h\u1ee7y, gi\u1ea3 m\u1ea1o ho\u1eb7c r\u00f2 r\u1ec9.<\/p>\t\t\t\t\t\t\t\t<\/div>\n\t\t\t\t<\/div>\n\t\t\t\t<div class=\"elementor-element elementor-element-9538587 elementor-widget elementor-widget-heading\" data-id=\"9538587\" data-element_type=\"widget\" data-e-type=\"widget\" data-widget_type=\"heading.default\">\n\t\t\t\t<div class=\"elementor-widget-container\">\n\t\t\t\t\t<h2 class=\"elementor-heading-title elementor-size-default\">S\u1eed d\u1ee5ng th\u00f4ng tin c\u00e1 nh\u00e2n<\/h2>\t\t\t\t<\/div>\n\t\t\t\t<\/div>\n\t\t\t\t<div class=\"elementor-element elementor-element-323f92f elementor-widget elementor-widget-text-editor\" data-id=\"323f92f\" data-element_type=\"widget\" data-e-type=\"widget\" data-widget_type=\"text-editor.default\">\n\t\t\t\t<div class=\"elementor-widget-container\">\n\t\t\t\t\t\t\t\t\t<p>Ch\u00fang t\u00f4i c\u00f3 th\u1ec3\u00a0 thu th\u1eadp th\u00f4ng tin c\u00e1 nh\u00e2n v\u00e0 d\u00f9ng \u0111\u1ec3 th\u00f4ng qua c\u00e1c d\u1ecbch v\u1ee5 \u0111\u1ec3 l\u1eadp h\u00f3a \u0111\u01a1n v\u00e0 thu ti\u1ec1n, g\u1eedi th\u00f4ng b\u00e1o v\u1ec1 d\u1ecbch v\u1ee5 c\u1ee7a ch\u00fang t\u00f4i, g\u1eedi cho b\u1ea1n tin nh\u1eafn c\u1ea3nh b\u00e1o, c\u1eadp nh\u1eadt c\u00e1c d\u1ecbch v\u1ee5 v\u00e0 h\u1ed9i th\u1ea3o m\u1edbi, gi\u1edbi thi\u1ec7u m\u00e0n h\u00ecnh, c\u1ea3i thi\u1ec7n d\u1ecbch v\u1ee5, ph\u00e2n t\u00edch ho\u1ea1t \u0111\u1ed9ng ti\u1ebfp th\u1ecb, b\u1ea3ng c\u00e2u h\u1ecfi v\u00e0 g\u1eedi qu\u00e0 t\u1eb7ng , tri\u1ec3n khai c\u00e1c chi\u1ebfn d\u1ecbch v\u00e0 ph\u1ecfng v\u1ea5n, tr\u1ea3 l\u1eddi tin nh\u1eafn v\u00e0 \u00fd ki\u1ebfn c\u1ee7a b\u1ea1n v\u1ec1 d\u1ecbch v\u1ee5 c\u1ee7a ch\u00fang t\u00f4i c\u0169ng nh\u01b0 duy tr\u00ec d\u1ecbch v\u1ee5 c\u1ee7a ch\u00fang t\u00f4i.<\/p>\t\t\t\t\t\t\t\t<\/div>\n\t\t\t\t<\/div>\n\t\t\t\t<div class=\"elementor-element elementor-element-09be675 elementor-widget elementor-widget-heading\" data-id=\"09be675\" data-element_type=\"widget\" data-e-type=\"widget\" data-widget_type=\"heading.default\">\n\t\t\t\t<div class=\"elementor-widget-container\">\n\t\t\t\t\t<h2 class=\"elementor-heading-title elementor-size-default\">Ti\u1ebft l\u1ed9 th\u00f4ng tin c\u00e1 nh\u00e2n<\/h2>\t\t\t\t<\/div>\n\t\t\t\t<\/div>\n\t\t\t\t<div class=\"elementor-element elementor-element-8e0f096 elementor-widget elementor-widget-text-editor\" data-id=\"8e0f096\" data-element_type=\"widget\" data-e-type=\"widget\" data-widget_type=\"text-editor.default\">\n\t\t\t\t<div class=\"elementor-widget-container\">\n\t\t\t\t\t\t\t\t\t<p>Th\u00f4ng tin c\u00e1 nh\u00e2n ch\u00fang t\u00f4i thu th\u1eadp s\u1ebd \u0111\u01b0\u1ee3c l\u01b0u tr\u1eef trong c\u01a1 s\u1edf d\u1eef li\u1ec7u m\u00e0 ch\u00fang t\u00f4i v\u1eadn h\u00e0nh. Ch\u00fang t\u00f4i s\u1ebd qu\u1ea3n l\u00fd th\u00f4ng tin c\u00e1 nh\u00e2n c\u1ee7a b\u1ea1n, nh\u01b0ng trong c\u00e1c tr\u01b0\u1eddng h\u1ee3p sau, ch\u00fang t\u00f4i c\u00f3 th\u1ec3 ti\u1ebft l\u1ed9 v\u00e0 cung c\u1ea5p m\u1ed9t ph\u1ea7n th\u00f4ng tin c\u00e1 nh\u00e2n c\u1ee7a b\u1ea1n.<\/p><p>1. \u0110\u01b0\u1ee3c s\u1ef1 \u0111\u1ed3ng \u00fd c\u1ee7a b\u1ea1n<\/p><p>2. Tr\u01b0\u1eddng h\u1ee3p ch\u00fang t\u00f4i \u0111\u01b0\u1ee3c ph\u00e9p ti\u1ebft l\u1ed9 th\u00f4ng tin \u0111\u00f3 m\u1ed9t c\u00e1ch h\u1ee3p ph\u00e1p ho\u1eb7c \u0111\u01b0\u1ee3c t\u1ed5 ch\u1ee9c c\u00f4ng y\u00eau c\u1ea7u<\/p><p>3. Tr\u01b0\u1eddng h\u1ee3p th\u00f4ng tin c\u00e1 nh\u00e2n c\u1ee7a b\u1ea1n kh\u00f4ng \u0111\u01b0\u1ee3c x\u00e1c \u0111\u1ecbnh<\/p><p>\u00a0<\/p>\t\t\t\t\t\t\t\t<\/div>\n\t\t\t\t<\/div>\n\t\t\t\t<div class=\"elementor-element elementor-element-f1ec60e elementor-widget elementor-widget-heading\" data-id=\"f1ec60e\" data-element_type=\"widget\" data-e-type=\"widget\" data-widget_type=\"heading.default\">\n\t\t\t\t<div class=\"elementor-widget-container\">\n\t\t\t\t\t<h2 class=\"elementor-heading-title elementor-size-default\">C\u00e2u h\u1ecfi v\u00e0 th\u1eafc m\u1eafc<\/h2>\t\t\t\t<\/div>\n\t\t\t\t<\/div>\n\t\t\t\t<div class=\"elementor-element elementor-element-0970a4e elementor-widget elementor-widget-text-editor\" data-id=\"0970a4e\" data-element_type=\"widget\" data-e-type=\"widget\" data-widget_type=\"text-editor.default\">\n\t\t\t\t<div class=\"elementor-widget-container\">\n\t\t\t\t\t\t\t\t\t<p>C\u00e1c c\u00e2u h\u1ecfi li\u00ean quan \u0111\u1ebfn vi\u1ec7c ki\u1ec3m tra, s\u1eeda \u0111\u1ed5i v\u00e0 x\u00f3a th\u00f4ng tin c\u00e1 nh\u00e2n c\u1ee7a b\u1ea1n c\u0169ng nh\u01b0 m\u1ecdi c\u00e2u h\u1ecfi kh\u00e1c li\u00ean quan \u0111\u1ebfn th\u00f4ng tin c\u00e1 nh\u00e2n c\u1ee7a b\u1ea1n s\u1ebd \u0111\u01b0\u1ee3c gi\u1ea3i quy\u1ebft sau khi x\u00e1c minh danh t\u00ednh.<\/p><p>C\u00f4ng ty TNHH QQEnglish Nh\u1eadt B\u1ea3n,<\/p><p>T\u00f2a nh\u00e0 6F Kono, 1-11-11, Nishi Shinjyuku, ph\u01b0\u1eddng Shinjyuku, Tokyo, Nh\u1eadt B\u1ea3n<\/p><p>Email: <a href=\"mailto:info@qqeng.net\">info@qqeng.net<\/a><\/p>\t\t\t\t\t\t\t\t<\/div>\n\t\t\t\t<\/div>\n\t\t\t\t<div class=\"elementor-element elementor-element-e066c03 elementor-widget elementor-widget-heading\" data-id=\"e066c03\" data-element_type=\"widget\" data-e-type=\"widget\" data-widget_type=\"heading.default\">\n\t\t\t\t<div class=\"elementor-widget-container\">\n\t\t\t\t\t<h2 class=\"elementor-heading-title elementor-size-default\">S\u1eed d\u1ee5ng t\u00ean th\u1eadt<\/h2>\t\t\t\t<\/div>\n\t\t\t\t<\/div>\n\t\t\t\t<div class=\"elementor-element elementor-element-4826d94 elementor-widget elementor-widget-text-editor\" data-id=\"4826d94\" data-element_type=\"widget\" data-e-type=\"widget\" data-widget_type=\"text-editor.default\">\n\t\t\t\t<div class=\"elementor-widget-container\">\n\t\t\t\t\t\t\t\t\t<p>Ch\u00fang t\u00f4i s\u1ebd s\u1eed d\u1ee5ng t\u00ean th\u1eadt c\u1ee7a b\u1ea1n \u0111\u1ec3 cung c\u1ea5p nh\u1eefng d\u1ecbch v\u1ee5 t\u1ed1t h\u01a1n, nh\u1eefng ng\u01b0\u1eddi kh\u00e1c s\u1ebd kh\u00f4ng nh\u00ecn th\u1ea5y t\u00ean th\u1eadt c\u1ee7a b\u1ea1n. Trong qu\u00e1 tr\u00ecnh \u0111\u0103ng k\u00fd, b\u1ea1n s\u1ebd \u0111\u0103ng k\u00fd t\u00ean c\u1ee7a m\u00ecnh b\u1eb1ng bi\u1ec7t danh. \u0110i\u1ec1u n\u00e0y l\u00e0 \u0111\u1ec3 gi\u00e1o vi\u00ean c\u1ee7a ch\u00fang t\u00f4i ph\u00e2n bi\u1ec7t b\u1ea1n v\u1edbi c\u00e1c h\u1ecdc vi\u00ean kh\u00e1c v\u00e0 \u0111\u1ec3 cung c\u1ea5p d\u1ecbch v\u1ee5 c\u1ee7a ch\u00fang t\u00f4i. V\u00ec v\u1eady, ch\u00fang t\u00f4i s\u1ebd ti\u1ebft l\u1ed9 t\u00ean c\u1ee7a b\u1ea1n. T\u00ean th\u1eadt c\u00f3 th\u1ec3 g\u00e2y kh\u00f3 kh\u0103n cho gi\u00e1o vi\u00ean c\u1ee7a ch\u00fang t\u00f4i n\u00ean ch\u00fang t\u00f4i s\u1eed d\u1ee5ng ch\u1ee9c n\u0103ng bi\u1ec7t danh. B\u1ea1n c\u00f3 th\u1ec3 \u0111\u0103ng k\u00fd b\u1ea5t c\u1ee9 t\u00ean n\u00e0o b\u1ea1n th\u00edch. Do \u0111\u00f3, ch\u1ee9c n\u0103ng n\u00e0y kh\u00f4ng c\u00f3 ngh\u0129a l\u00e0 t\u00ean th\u1eadt c\u1ee7a b\u1ea1n s\u1ebd \u0111\u01b0\u1ee3c ti\u1ebft l\u1ed9 nh\u01b0ng n\u00f3 cho ph\u00e9p ch\u00fang t\u00f4i li\u00ean l\u1ea1c d\u1ec5 d\u00e0ng. Xin l\u01b0u \u00fd r\u1eb1ng b\u1ea1n c\u00f3 th\u1ec3 s\u1eed d\u1ee5ng t\u00ean th\u1eadt c\u1ee7a m\u00ecnh.<\/p>\t\t\t\t\t\t\t\t<\/div>\n\t\t\t\t<\/div>\n\t\t\t\t<div class=\"elementor-element elementor-element-0310b75 elementor-widget elementor-widget-heading\" data-id=\"0310b75\" data-element_type=\"widget\" data-e-type=\"widget\" data-widget_type=\"heading.default\">\n\t\t\t\t<div class=\"elementor-widget-container\">\n\t\t\t\t\t<h2 class=\"elementor-heading-title elementor-size-default\">Trao \u0111\u1ed5i th\u00f4ng tin c\u00e1 nh\u00e2n v\u1edbi gi\u00e1o vi\u00ean<\/h2>\t\t\t\t<\/div>\n\t\t\t\t<\/div>\n\t\t\t\t<div class=\"elementor-element elementor-element-80a14d9 elementor-widget elementor-widget-text-editor\" data-id=\"80a14d9\" data-element_type=\"widget\" data-e-type=\"widget\" data-widget_type=\"text-editor.default\">\n\t\t\t\t<div class=\"elementor-widget-container\">\n\t\t\t\t\t\t\t\t\t<p>QQEnglish s\u1ebd kh\u00f4ng cho ph\u00e9p li\u00ean l\u1ea1c ri\u00eang v\u1edbi gi\u00e1o vi\u00ean ngo\u00e0i gi\u1edd h\u1ecdc, tr\u1ef1c tuy\u1ebfn hay tr\u1ef1c ti\u1ebfp, tr\u1eeb khi trong tr\u01b0\u1eddng h\u1ee3p \u0111\u1eb7c bi\u1ec7t. Ch\u00fang t\u00f4i kh\u00f4ng ch\u1ecbu tr\u00e1ch nhi\u1ec7m v\u1ec1 t\u1ed5n h\u1ea1i c\u00e1 nh\u00e2n do e-mail c\u00e1 nh\u00e2n, SNS, v.v. g\u00e2y ra. M\u1ecdi th\u1eafc m\u1eafc, nh\u1eadn x\u00e9t ho\u1eb7c khi\u1ebfu n\u1ea1i li\u00ean quan \u0111\u1ebfn d\u1ecbch v\u1ee5 c\u1ee7a ch\u00fang t\u00f4i ph\u1ea3i \u0111\u01b0\u1ee3c g\u1eedi \u0111\u1ebfn m\u1eabu th\u01b0 \u0111\u01b0\u1ee3c ch\u1ec9 \u0111\u1ecbnh.<\/p>\t\t\t\t\t\t\t\t<\/div>\n\t\t\t\t<\/div>\n\t\t\t\t<div class=\"elementor-element elementor-element-eeb2a0d elementor-widget elementor-widget-heading\" data-id=\"eeb2a0d\" data-element_type=\"widget\" data-e-type=\"widget\" data-widget_type=\"heading.default\">\n\t\t\t\t<div class=\"elementor-widget-container\">\n\t\t\t\t\t<h2 class=\"elementor-heading-title elementor-size-default\">B\u1ea3o m\u1eadt th\u1ebb t\u00edn d\u1ee5ng<\/h2>\t\t\t\t<\/div>\n\t\t\t\t<\/div>\n\t\t\t\t<div class=\"elementor-element elementor-element-4c8b0c4 elementor-widget elementor-widget-text-editor\" data-id=\"4c8b0c4\" data-element_type=\"widget\" data-e-type=\"widget\" data-widget_type=\"text-editor.default\">\n\t\t\t\t<div class=\"elementor-widget-container\">\n\t\t\t\t\t\t\t\t\t<p>QQEnglish s\u1ebd s\u1eed d\u1ee5ng SSL (Secure Sockets Layer) \u0111\u1ec3 b\u1ea3o v\u1ec7 th\u00f4ng tin th\u1ebb t\u00edn d\u1ee5ng c\u1ee7a b\u1ea1n. B\u1eb1ng c\u00e1ch n\u00e0y, d\u1eef li\u1ec7u c\u00e1 nh\u00e2n c\u1ee7a b\u1ea1n s\u1ebd \u0111\u01b0\u1ee3c m\u00e3 h\u00f3a v\u00e0 s\u1ebd kh\u00f4ng b\u1ecb b\u00ean th\u1ee9 ba nh\u00ecn th\u1ea5y. Trang \u0111\u01b0\u1ee3c m\u00e3 h\u00f3a b\u1eaft \u0111\u1ea7u b\u1eb1ng &#8220;https:&#8221; v\u00e0 &#8220;d\u1ea5u kh\u00f3a&#8221; s\u1ebd \u0111\u01b0\u1ee3c hi\u1ec3n th\u1ecb tr\u00ean trang li\u00ean k\u1ebft<\/p>\t\t\t\t\t\t\t\t<\/div>\n\t\t\t\t<\/div>\n\t\t\t\t<\/div>\n\t\t\t\t\t<\/div>\n\t\t\t\t<\/div>\n\t\t\t\t<\/div>\n\t\t","protected":false},"excerpt":{"rendered":"<p>QQEnglish Quy \u0111\u1ecbnh v\u1ec1 b\u1ea3o m\u1eadt Th\u00f4ng tin ch\u00fang t\u00f4i thu th\u1eadp QQEnglish kh\u00f4ng bao gi\u1edd thu th\u1eadp th\u00f4ng tin c\u00e1 nh\u00e2n c\u1ee7a b\u1ea1n m\u1ed9t c\u00e1ch kh\u00f4ng c\u00f4ng b\u1eb1ng ho\u1eb7c kh\u00f4ng c\u00f3 s\u1ef1 \u0111\u1ed3ng \u00fd. Ch\u00fang t\u00f4i ch\u1ec9 s\u1eed d\u1ee5ng Th\u00f4ng tin c\u00e1 nh\u00e2n c\u1ee7a b\u1ea1n \u0111\u1ec3 cung c\u1ea5p d\u1ecbch v\u1ee5 v\u00e0 th\u00f4ng tin cho [&hellip;]<\/p>\n","protected":false},"author":2,"featured_media":35529,"parent":0,"menu_order":0,"comment_status":"closed","ping_status":"closed","template":"","meta":{"site-sidebar-layout":"default","site-content-layout":"","ast-site-content-layout":"default","site-content-style":"default","site-sidebar-style":"default","ast-global-header-display":"","ast-banner-title-visibility":"","ast-main-header-display":"","ast-hfb-above-header-display":"","ast-hfb-below-header-display":"","ast-hfb-mobile-header-display":"","site-post-title":"disabled","ast-breadcrumbs-content":"","ast-featured-img":"disabled","footer-sml-layout":"","ast-disable-related-posts":"","theme-transparent-header-meta":"","adv-header-id-meta":"","stick-header-meta":"","header-above-stick-meta":"","header-main-stick-meta":"","header-below-stick-meta":"","astra-migrate-meta-layouts":"default","ast-page-background-enabled":"default","ast-page-background-meta":{"desktop":{"background-color":"","background-image":"","background-repeat":"repeat","background-position":"center center","background-size":"auto","background-attachment":"scroll","background-type":"","background-media":"","overlay-type":"","overlay-color":"","overlay-opacity":"","overlay-gradient":""},"tablet":{"background-color":"","background-image":"","background-repeat":"repeat","background-position":"center center","background-size":"auto","background-attachment":"scroll","background-type":"","background-media":"","overlay-type":"","overlay-color":"","overlay-opacity":"","overlay-gradient":""},"mobile":{"background-color":"","background-image":"","background-repeat":"repeat","background-position":"center center","background-size":"auto","background-attachment":"scroll","background-type":"","background-media":"","overlay-type":"","overlay-color":"","overlay-opacity":"","overlay-gradient":""}},"ast-content-background-meta":{"desktop":{"background-color":"var(--ast-global-color-5)","background-image":"","background-repeat":"repeat","background-position":"center center","background-size":"auto","background-attachment":"scroll","background-type":"","background-media":"","overlay-type":"","overlay-color":"","overlay-opacity":"","overlay-gradient":""},"tablet":{"background-color":"var(--ast-global-color-5)","background-image":"","background-repeat":"repeat","background-position":"center center","background-size":"auto","background-attachment":"scroll","background-type":"","background-media":"","overlay-type":"","overlay-color":"","overlay-opacity":"","overlay-gradient":""},"mobile":{"background-color":"var(--ast-global-color-5)","background-image":"","background-repeat":"repeat","background-position":"center center","background-size":"auto","background-attachment":"scroll","background-type":"","background-media":"","overlay-type":"","overlay-color":"","overlay-opacity":"","overlay-gradient":""}},"footnotes":""},"class_list":["post-10261","page","type-page","status-publish","has-post-thumbnail","hentry"],"_links":{"self":[{"href":"https:\/\/qqeng.net\/vi\/wp-json\/wp\/v2\/pages\/10261","targetHints":{"allow":["GET"]}}],"collection":[{"href":"https:\/\/qqeng.net\/vi\/wp-json\/wp\/v2\/pages"}],"about":[{"href":"https:\/\/qqeng.net\/vi\/wp-json\/wp\/v2\/types\/page"}],"author":[{"embeddable":true,"href":"https:\/\/qqeng.net\/vi\/wp-json\/wp\/v2\/users\/2"}],"replies":[{"embeddable":true,"href":"https:\/\/qqeng.net\/vi\/wp-json\/wp\/v2\/comments?post=10261"}],"version-history":[{"count":0,"href":"https:\/\/qqeng.net\/vi\/wp-json\/wp\/v2\/pages\/10261\/revisions"}],"wp:featuredmedia":[{"embeddable":true,"href":"https:\/\/qqeng.net\/vi\/wp-json\/wp\/v2\/media\/35529"}],"wp:attachment":[{"href":"https:\/\/qqeng.net\/vi\/wp-json\/wp\/v2\/media?parent=10261"}],"curies":[{"name":"wp","href":"https:\/\/api.w.org\/{rel}","templated":true}]}}