{"id":12378,"date":"2019-09-16T09:46:31","date_gmt":"2019-09-16T01:46:31","guid":{"rendered":"https:\/\/qqeng.org\/?page_id=12378"},"modified":"2025-07-21T13:53:20","modified_gmt":"2025-07-21T05:53:20","slug":"privacy-policy","status":"publish","type":"page","link":"https:\/\/qqeng.net\/tr\/privacy-policy\/","title":{"rendered":"Privacy Policy"},"content":{"rendered":"\t\t<div data-elementor-type=\"wp-page\" data-elementor-id=\"12378\" class=\"elementor elementor-12378 elementor-3\" data-elementor-post-type=\"page\">\n\t\t\t\t<div class=\"elementor-element elementor-element-1e06eb9 e-flex e-con-boxed e-con e-parent\" data-id=\"1e06eb9\" data-element_type=\"container\" data-e-type=\"container\" data-settings=\"{&quot;jet_parallax_layout_list&quot;:[{&quot;jet_parallax_layout_image&quot;:{&quot;url&quot;:&quot;&quot;,&quot;id&quot;:&quot;&quot;,&quot;size&quot;:&quot;&quot;},&quot;_id&quot;:&quot;c9f9f11&quot;,&quot;jet_parallax_layout_image_tablet&quot;:{&quot;url&quot;:&quot;&quot;,&quot;id&quot;:&quot;&quot;,&quot;size&quot;:&quot;&quot;},&quot;jet_parallax_layout_image_mobile&quot;:{&quot;url&quot;:&quot;&quot;,&quot;id&quot;:&quot;&quot;,&quot;size&quot;:&quot;&quot;},&quot;jet_parallax_layout_speed&quot;:{&quot;unit&quot;:&quot;%&quot;,&quot;size&quot;:50,&quot;sizes&quot;:[]},&quot;jet_parallax_layout_type&quot;:&quot;scroll&quot;,&quot;jet_parallax_layout_direction&quot;:&quot;1&quot;,&quot;jet_parallax_layout_fx_direction&quot;:null,&quot;jet_parallax_layout_z_index&quot;:&quot;&quot;,&quot;jet_parallax_layout_bg_x&quot;:50,&quot;jet_parallax_layout_bg_x_tablet&quot;:&quot;&quot;,&quot;jet_parallax_layout_bg_x_mobile&quot;:&quot;&quot;,&quot;jet_parallax_layout_bg_y&quot;:50,&quot;jet_parallax_layout_bg_y_tablet&quot;:&quot;&quot;,&quot;jet_parallax_layout_bg_y_mobile&quot;:&quot;&quot;,&quot;jet_parallax_layout_bg_size&quot;:&quot;auto&quot;,&quot;jet_parallax_layout_bg_size_tablet&quot;:&quot;&quot;,&quot;jet_parallax_layout_bg_size_mobile&quot;:&quot;&quot;,&quot;jet_parallax_layout_animation_prop&quot;:&quot;transform&quot;,&quot;jet_parallax_layout_on&quot;:[&quot;desktop&quot;,&quot;tablet&quot;]}],&quot;background_background&quot;:&quot;classic&quot;}\">\n\t\t\t\t\t<div class=\"e-con-inner\">\n\t\t\t\t<div class=\"elementor-element elementor-element-0b24cf2 elementor-widget elementor-widget-breadcrumbs\" data-id=\"0b24cf2\" data-element_type=\"widget\" data-e-type=\"widget\" data-widget_type=\"breadcrumbs.default\">\n\t\t\t\t<div class=\"elementor-widget-container\">\n\t\t\t\t\t<nav aria-label=\"breadcrumbs\" class=\"rank-math-breadcrumb\"><p><span class=\"last\">QQEnglish<\/span><\/p><\/nav>\t\t\t\t<\/div>\n\t\t\t\t<\/div>\n\t\t\t\t<div class=\"elementor-element elementor-element-8059532 elementor-widget elementor-widget-heading\" data-id=\"8059532\" data-element_type=\"widget\" data-e-type=\"widget\" data-widget_type=\"heading.default\">\n\t\t\t\t<div class=\"elementor-widget-container\">\n\t\t\t\t\t<h1 class=\"elementor-heading-title elementor-size-default\">Gizlilik Politikas\u0131<\/h1>\t\t\t\t<\/div>\n\t\t\t\t<\/div>\n\t\t\t\t\t<\/div>\n\t\t\t\t<\/div>\n\t\t<div class=\"elementor-element elementor-element-7d6a42f e-flex e-con-boxed e-con e-parent\" data-id=\"7d6a42f\" data-element_type=\"container\" data-e-type=\"container\" data-settings=\"{&quot;jet_parallax_layout_list&quot;:[{&quot;jet_parallax_layout_image&quot;:{&quot;url&quot;:&quot;&quot;,&quot;id&quot;:&quot;&quot;,&quot;size&quot;:&quot;&quot;},&quot;_id&quot;:&quot;ccbed6c&quot;,&quot;jet_parallax_layout_image_tablet&quot;:{&quot;url&quot;:&quot;&quot;,&quot;id&quot;:&quot;&quot;,&quot;size&quot;:&quot;&quot;},&quot;jet_parallax_layout_image_mobile&quot;:{&quot;url&quot;:&quot;&quot;,&quot;id&quot;:&quot;&quot;,&quot;size&quot;:&quot;&quot;},&quot;jet_parallax_layout_speed&quot;:{&quot;unit&quot;:&quot;%&quot;,&quot;size&quot;:50,&quot;sizes&quot;:[]},&quot;jet_parallax_layout_type&quot;:&quot;scroll&quot;,&quot;jet_parallax_layout_direction&quot;:&quot;1&quot;,&quot;jet_parallax_layout_fx_direction&quot;:null,&quot;jet_parallax_layout_z_index&quot;:&quot;&quot;,&quot;jet_parallax_layout_bg_x&quot;:50,&quot;jet_parallax_layout_bg_x_tablet&quot;:&quot;&quot;,&quot;jet_parallax_layout_bg_x_mobile&quot;:&quot;&quot;,&quot;jet_parallax_layout_bg_y&quot;:50,&quot;jet_parallax_layout_bg_y_tablet&quot;:&quot;&quot;,&quot;jet_parallax_layout_bg_y_mobile&quot;:&quot;&quot;,&quot;jet_parallax_layout_bg_size&quot;:&quot;auto&quot;,&quot;jet_parallax_layout_bg_size_tablet&quot;:&quot;&quot;,&quot;jet_parallax_layout_bg_size_mobile&quot;:&quot;&quot;,&quot;jet_parallax_layout_animation_prop&quot;:&quot;transform&quot;,&quot;jet_parallax_layout_on&quot;:[&quot;desktop&quot;,&quot;tablet&quot;]}]}\">\n\t\t\t\t\t<div class=\"e-con-inner\">\n\t\t<div class=\"elementor-element elementor-element-5081d20 e-con-full e-flex e-con e-child\" data-id=\"5081d20\" data-element_type=\"container\" data-e-type=\"container\" data-settings=\"{&quot;jet_parallax_layout_list&quot;:[]}\">\n\t\t\t\t<div class=\"elementor-element elementor-element-717a6eb elementor-widget elementor-widget-heading\" data-id=\"717a6eb\" data-element_type=\"widget\" data-e-type=\"widget\" data-widget_type=\"heading.default\">\n\t\t\t\t<div class=\"elementor-widget-container\">\n\t\t\t\t\t<h2 class=\"elementor-heading-title elementor-size-default\">Sizden toplad\u0131\u011f\u0131m\u0131z bilgiler<\/h2>\t\t\t\t<\/div>\n\t\t\t\t<\/div>\n\t\t\t\t<div class=\"elementor-element elementor-element-de12a7f elementor-widget elementor-widget-text-editor\" data-id=\"de12a7f\" data-element_type=\"widget\" data-e-type=\"widget\" data-widget_type=\"text-editor.default\">\n\t\t\t\t<div class=\"elementor-widget-container\">\n\t\t\t\t\t\t\t\t\t<p>QQ English, izniniz olmadan asla sizden herhangi bir bilgi toplamayacakt\u0131r.<br \/>Ki\u015fisel bilgilerinizi yaln\u0131zca size hizmetlerimizi ve bilgilerimizi sunmak ve sizinle ileti\u015fim kurmak i\u00e7in kullan\u0131r\u0131z.<br \/>Ki\u015fisel bilgilerinizi yetkisiz eri\u015fime, kaybolmaya, yok edilmeye veya if\u015fa edilmeye kar\u015f\u0131 korumak i\u00e7in makul ad\u0131mlar at\u0131yoruz.<\/p>\t\t\t\t\t\t\t\t<\/div>\n\t\t\t\t<\/div>\n\t\t\t\t<div class=\"elementor-element elementor-element-9538587 elementor-widget elementor-widget-heading\" data-id=\"9538587\" data-element_type=\"widget\" data-e-type=\"widget\" data-widget_type=\"heading.default\">\n\t\t\t\t<div class=\"elementor-widget-container\">\n\t\t\t\t\t<h2 class=\"elementor-heading-title elementor-size-default\">Ki\u015fisel bilgilerin kullan\u0131m\u0131<\/h2>\t\t\t\t<\/div>\n\t\t\t\t<\/div>\n\t\t\t\t<div class=\"elementor-element elementor-element-323f92f elementor-widget elementor-widget-text-editor\" data-id=\"323f92f\" data-element_type=\"widget\" data-e-type=\"widget\" data-widget_type=\"text-editor.default\">\n\t\t\t\t<div class=\"elementor-widget-container\">\n\t\t\t\t\t\t\t\t\t<p>Ki\u015fisel bilgilerinizi yaln\u0131zca fatura g\u00f6ndermek ve \u00f6deme almak, hizmetinize bildirim g\u00f6ndermek, uyar\u0131 mesajlar\u0131 g\u00f6ndermek, yeni kurs ve seminerleri g\u00fcncellemek, g\u00f6sterileri tan\u0131tmak, hizmetleri geli\u015ftirmek, pazarlamay\u0131 analiz etmek, hediye g\u00f6ndermek, kampanyalar y\u00fcr\u00fctmek i\u00e7in kullan\u0131r\u0131z.Ve r\u00f6portajlar\u0131 ve yan\u0131tlar\u0131 kullan\u0131r\u0131z. Mesajlar\u0131n\u0131za ve yorumlar\u0131n\u0131za.<\/p>\t\t\t\t\t\t\t\t<\/div>\n\t\t\t\t<\/div>\n\t\t\t\t<div class=\"elementor-element elementor-element-09be675 elementor-widget elementor-widget-heading\" data-id=\"09be675\" data-element_type=\"widget\" data-e-type=\"widget\" data-widget_type=\"heading.default\">\n\t\t\t\t<div class=\"elementor-widget-container\">\n\t\t\t\t\t<h2 class=\"elementor-heading-title elementor-size-default\">Ki\u015fisel bilgilerin if\u015fa edilmesi<\/h2>\t\t\t\t<\/div>\n\t\t\t\t<\/div>\n\t\t\t\t<div class=\"elementor-element elementor-element-8e0f096 elementor-widget elementor-widget-text-editor\" data-id=\"8e0f096\" data-element_type=\"widget\" data-e-type=\"widget\" data-widget_type=\"text-editor.default\">\n\t\t\t\t<div class=\"elementor-widget-container\">\n\t\t\t\t\t\t\t\t\t<p>Toplad\u0131\u011f\u0131m\u0131z ki\u015fisel bilgiler bir veritaban\u0131nda saklan\u0131r. Ki\u015fisel bilgilerinizi y\u00f6netece\u011fiz ancak a\u015fa\u011f\u0131daki durumlarda baz\u0131 ki\u015fisel bilgilerinizi if\u015fa edebiliriz.<br \/>1. sizin izninizle<br \/>2. Yasal olarak bilgileri a\u00e7\u0131klamaya izin verildi\u011fi durumlarda veya bir kamu kurumu taraf\u0131ndan bizden bilgi talep edildi\u011fi durumlarda.<br \/>3. Ki\u015fisel bilgileriniz anonim oldu\u011funda<\/p>\t\t\t\t\t\t\t\t<\/div>\n\t\t\t\t<\/div>\n\t\t\t\t<div class=\"elementor-element elementor-element-f1ec60e elementor-widget elementor-widget-heading\" data-id=\"f1ec60e\" data-element_type=\"widget\" data-e-type=\"widget\" data-widget_type=\"heading.default\">\n\t\t\t\t<div class=\"elementor-widget-container\">\n\t\t\t\t\t<h2 class=\"elementor-heading-title elementor-size-default\">Sorular ve endi\u015feler<\/h2>\t\t\t\t<\/div>\n\t\t\t\t<\/div>\n\t\t\t\t<div class=\"elementor-element elementor-element-0970a4e elementor-widget elementor-widget-text-editor\" data-id=\"0970a4e\" data-element_type=\"widget\" data-e-type=\"widget\" data-widget_type=\"text-editor.default\">\n\t\t\t\t<div class=\"elementor-widget-container\">\n\t\t\t\t\t\t\t\t\t<p>Bilgilerin incelenmesi, d\u00fczeltilmesi ve silinmesi gibi ki\u015fisel bilgilerinizle ilgili sorular ve ki\u015fisel bilgilerinizle ilgili di\u011fer sorular kimlik do\u011frulamas\u0131n\u0131n ard\u0131ndan yan\u0131tlanacakt\u0131r.<\/p><p>Soru g\u00f6nderin: <a href=\"mailto:info_tr@qqeng.com\">info_tr@qqeng.com<\/a>, sorular\u0131n\u0131z i\u00e7in de bizimle ileti\u015fime ge\u00e7ebilirsiniz.<\/p>\t\t\t\t\t\t\t\t<\/div>\n\t\t\t\t<\/div>\n\t\t\t\t<div class=\"elementor-element elementor-element-e066c03 elementor-widget elementor-widget-heading\" data-id=\"e066c03\" data-element_type=\"widget\" data-e-type=\"widget\" data-widget_type=\"heading.default\">\n\t\t\t\t<div class=\"elementor-widget-container\">\n\t\t\t\t\t<h2 class=\"elementor-heading-title elementor-size-default\">Servisteki ger\u00e7ek isminiz<\/h2>\t\t\t\t<\/div>\n\t\t\t\t<\/div>\n\t\t\t\t<div class=\"elementor-element elementor-element-4826d94 elementor-widget elementor-widget-text-editor\" data-id=\"4826d94\" data-element_type=\"widget\" data-e-type=\"widget\" data-widget_type=\"text-editor.default\">\n\t\t\t\t<div class=\"elementor-widget-container\">\n\t\t\t\t\t\t\t\t\t<p>Ba\u015fkalar\u0131n\u0131n ger\u00e7ek ad\u0131n\u0131z\u0131 g\u00f6remeyece\u011fi, hizmetlerimiz hakk\u0131nda daha iyi dersler sunmak i\u00e7in ger\u00e7ek ad\u0131n\u0131z\u0131 kullanaca\u011f\u0131z. Kay\u0131t i\u015flemi s\u0131ras\u0131nda ad\u0131n\u0131z\u0131 bir takma adla kaydedin. Bu, \u00f6\u011fretmenlerimizin sizi di\u011fer \u00f6\u011frencilerden tan\u0131mas\u0131 i\u00e7indir ve hizmetlerimizi daha iyi sunabilmemiz i\u00e7in gereklidir. Bu nedenle ad\u0131n\u0131z\u0131 a\u00e7\u0131klayaca\u011f\u0131z. Ger\u00e7ek isimler \u00f6\u011fretmenlerimiz i\u00e7in zor olabilece\u011finden takma isim kullan\u0131yoruz. \u0130stedi\u011finiz ismi kaydedebilirsiniz. Dolay\u0131s\u0131yla bu i\u015flevsellik mutlaka ad\u0131n\u0131z\u0131n a\u00e7\u0131klanaca\u011f\u0131 anlam\u0131na gelmez ancak sizinle kolayca ileti\u015fim kurmam\u0131za olanak tan\u0131r. \u00d6\u011fretmenlerin size ger\u00e7ek ad\u0131n\u0131zla hitap edebilece\u011fini l\u00fctfen unutmay\u0131n.<\/p>\t\t\t\t\t\t\t\t<\/div>\n\t\t\t\t<\/div>\n\t\t\t\t<div class=\"elementor-element elementor-element-0310b75 elementor-widget elementor-widget-heading\" data-id=\"0310b75\" data-element_type=\"widget\" data-e-type=\"widget\" data-widget_type=\"heading.default\">\n\t\t\t\t<div class=\"elementor-widget-container\">\n\t\t\t\t\t<h2 class=\"elementor-heading-title elementor-size-default\">QQEnglish \u00f6\u011fretmenleriyle ki\u015fisel ileti\u015fim<\/h2>\t\t\t\t<\/div>\n\t\t\t\t<\/div>\n\t\t\t\t<div class=\"elementor-element elementor-element-80a14d9 elementor-widget elementor-widget-text-editor\" data-id=\"80a14d9\" data-element_type=\"widget\" data-e-type=\"widget\" data-widget_type=\"text-editor.default\">\n\t\t\t\t<div class=\"elementor-widget-container\">\n\t\t\t\t\t\t\t\t\t<p>QQEnglish, \u00f6zellikle izin verilmedi\u011fi s\u00fcrece, \u00e7evrimi\u00e7i veya y\u00fcz y\u00fcze ders d\u0131\u015f\u0131nda \u00f6\u011fretmenleriyle ki\u015fisel ileti\u015fime izin vermez. Ki\u015fisel e-posta, sosyal a\u011flardaki ileti\u015fim vb. nedeniyle olu\u015fan ki\u015fisel yaralanmalardan sorumlu de\u011filiz. Hizmetlerimizle ilgili her t\u00fcrl\u00fc soru, yorum veya \u015fikayet, hesab\u0131n\u0131zda belirlenen posta formu arac\u0131l\u0131\u011f\u0131yla \u00d6\u011fretmenlere g\u00f6nderilmelidir.<\/p>\t\t\t\t\t\t\t\t<\/div>\n\t\t\t\t<\/div>\n\t\t\t\t<div class=\"elementor-element elementor-element-eeb2a0d elementor-widget elementor-widget-heading\" data-id=\"eeb2a0d\" data-element_type=\"widget\" data-e-type=\"widget\" data-widget_type=\"heading.default\">\n\t\t\t\t<div class=\"elementor-widget-container\">\n\t\t\t\t\t<h2 class=\"elementor-heading-title elementor-size-default\">Kredi kart\u0131 g\u00fcvenli\u011fi<\/h2>\t\t\t\t<\/div>\n\t\t\t\t<\/div>\n\t\t\t\t<div class=\"elementor-element elementor-element-4c8b0c4 elementor-widget elementor-widget-text-editor\" data-id=\"4c8b0c4\" data-element_type=\"widget\" data-e-type=\"widget\" data-widget_type=\"text-editor.default\">\n\t\t\t\t<div class=\"elementor-widget-container\">\n\t\t\t\t\t\t\t\t\t<p>QQ English, kredi kart\u0131 bilgilerinizi korumak i\u00e7in SSL (G\u00fcvenli Yuva Katman\u0131) kullan\u0131r. SSL kulland\u0131\u011f\u0131n\u0131zda ki\u015fisel bilgileriniz \u015fifrelenir ve \u00fc\u00e7\u00fcnc\u00fc \u015fah\u0131slar taraf\u0131ndan g\u00f6r\u00fclemez. \u015eifrelenmi\u015f sayfa &#8220;https:&#8221; ile ba\u015flar ve ba\u011flant\u0131 sayfas\u0131nda &#8220;anahtar sembol\u00fc&#8221; kullan\u0131larak g\u00f6sterilmelidir.<\/p>\t\t\t\t\t\t\t\t<\/div>\n\t\t\t\t<\/div>\n\t\t\t\t<\/div>\n\t\t\t\t\t<\/div>\n\t\t\t\t<\/div>\n\t\t\t\t<\/div>\n\t\t","protected":false},"excerpt":{"rendered":"<p>QQEnglish Gizlilik Politikas\u0131 Sizden toplad\u0131\u011f\u0131m\u0131z bilgiler QQ English, izniniz olmadan asla sizden herhangi bir bilgi toplamayacakt\u0131r.Ki\u015fisel bilgilerinizi yaln\u0131zca size hizmetlerimizi ve bilgilerimizi sunmak ve sizinle ileti\u015fim kurmak i\u00e7in kullan\u0131r\u0131z.Ki\u015fisel bilgilerinizi yetkisiz eri\u015fime, kaybolmaya, yok edilmeye veya if\u015fa edilmeye kar\u015f\u0131 korumak i\u00e7in makul ad\u0131mlar at\u0131yoruz. Ki\u015fisel bilgilerin kullan\u0131m\u0131 Ki\u015fisel bilgilerinizi yaln\u0131zca fatura g\u00f6ndermek ve \u00f6deme almak, [&hellip;]<\/p>\n","protected":false},"author":2,"featured_media":35528,"parent":0,"menu_order":0,"comment_status":"closed","ping_status":"closed","template":"","meta":{"site-sidebar-layout":"default","site-content-layout":"","ast-site-content-layout":"default","site-content-style":"default","site-sidebar-style":"default","ast-global-header-display":"","ast-banner-title-visibility":"","ast-main-header-display":"","ast-hfb-above-header-display":"","ast-hfb-below-header-display":"","ast-hfb-mobile-header-display":"","site-post-title":"disabled","ast-breadcrumbs-content":"","ast-featured-img":"disabled","footer-sml-layout":"","ast-disable-related-posts":"","theme-transparent-header-meta":"","adv-header-id-meta":"","stick-header-meta":"","header-above-stick-meta":"","header-main-stick-meta":"","header-below-stick-meta":"","astra-migrate-meta-layouts":"default","ast-page-background-enabled":"default","ast-page-background-meta":{"desktop":{"background-color":"","background-image":"","background-repeat":"repeat","background-position":"center center","background-size":"auto","background-attachment":"scroll","background-type":"","background-media":"","overlay-type":"","overlay-color":"","overlay-opacity":"","overlay-gradient":""},"tablet":{"background-color":"","background-image":"","background-repeat":"repeat","background-position":"center center","background-size":"auto","background-attachment":"scroll","background-type":"","background-media":"","overlay-type":"","overlay-color":"","overlay-opacity":"","overlay-gradient":""},"mobile":{"background-color":"","background-image":"","background-repeat":"repeat","background-position":"center center","background-size":"auto","background-attachment":"scroll","background-type":"","background-media":"","overlay-type":"","overlay-color":"","overlay-opacity":"","overlay-gradient":""}},"ast-content-background-meta":{"desktop":{"background-color":"var(--ast-global-color-5)","background-image":"","background-repeat":"repeat","background-position":"center center","background-size":"auto","background-attachment":"scroll","background-type":"","background-media":"","overlay-type":"","overlay-color":"","overlay-opacity":"","overlay-gradient":""},"tablet":{"background-color":"var(--ast-global-color-5)","background-image":"","background-repeat":"repeat","background-position":"center center","background-size":"auto","background-attachment":"scroll","background-type":"","background-media":"","overlay-type":"","overlay-color":"","overlay-opacity":"","overlay-gradient":""},"mobile":{"background-color":"var(--ast-global-color-5)","background-image":"","background-repeat":"repeat","background-position":"center center","background-size":"auto","background-attachment":"scroll","background-type":"","background-media":"","overlay-type":"","overlay-color":"","overlay-opacity":"","overlay-gradient":""}},"footnotes":""},"class_list":["post-12378","page","type-page","status-publish","has-post-thumbnail","hentry"],"_links":{"self":[{"href":"https:\/\/qqeng.net\/tr\/wp-json\/wp\/v2\/pages\/12378","targetHints":{"allow":["GET"]}}],"collection":[{"href":"https:\/\/qqeng.net\/tr\/wp-json\/wp\/v2\/pages"}],"about":[{"href":"https:\/\/qqeng.net\/tr\/wp-json\/wp\/v2\/types\/page"}],"author":[{"embeddable":true,"href":"https:\/\/qqeng.net\/tr\/wp-json\/wp\/v2\/users\/2"}],"replies":[{"embeddable":true,"href":"https:\/\/qqeng.net\/tr\/wp-json\/wp\/v2\/comments?post=12378"}],"version-history":[{"count":0,"href":"https:\/\/qqeng.net\/tr\/wp-json\/wp\/v2\/pages\/12378\/revisions"}],"wp:featuredmedia":[{"embeddable":true,"href":"https:\/\/qqeng.net\/tr\/wp-json\/wp\/v2\/media\/35528"}],"wp:attachment":[{"href":"https:\/\/qqeng.net\/tr\/wp-json\/wp\/v2\/media?parent=12378"}],"curies":[{"name":"wp","href":"https:\/\/api.w.org\/{rel}","templated":true}]}}